{"id":428,"date":"2021-09-30T11:51:52","date_gmt":"2021-09-30T11:51:52","guid":{"rendered":"https:\/\/data-security-service.de\/?page_id=428"},"modified":"2021-09-30T11:51:52","modified_gmt":"2021-09-30T11:51:52","slug":"it-sicherheit","status":"publish","type":"page","link":"https:\/\/data-security-service.de\/?page_id=428","title":{"rendered":"IT-Sicherheit"},"content":{"rendered":"\n<p>Als externer Informationssicherheitsbeauftragter sind wir Ihr Partner rund um das Thema Informationssicherheit.<\/p>\n\n\n\n<p><\/p>\n\n\n\n<p><\/p>\n\n\n\n<p><strong>Unsere Leistungen:<\/strong><\/p>\n\n\n\n<p><\/p>\n\n\n\n<p><\/p>\n\n\n\n<ul class=\"wp-block-list\"><li>Beratung rund um die Informationssicherheit. <\/li><\/ul>\n\n\n\n<ul class=\"wp-block-list\"><li>Schulung und Sensibilisierung der Mitarbeiter. <\/li><\/ul>\n\n\n\n<ul class=\"wp-block-list\"><li> Analyse der bereits vorhandenen IT Sicherheits-Ma\u00dfnahmen. <\/li><\/ul>\n\n\n\n<ul class=\"wp-block-list\"><li>IT-Sicherheitskonzepte nach ISO27001 und BSI IT-Grundschutz. <\/li><\/ul>\n\n\n\n<ul class=\"wp-block-list\"><li>Unterst\u00fctzung bei der Einf\u00fchrung eines Informationssicherheitsmanagementsystems  (ISMS)<\/li><\/ul>\n\n\n\n<ul class=\"wp-block-list\"><li>Unterst\u00fctzung bei der Erstellung und Pflege von Konzepten, Leit- und Richtlinien. <\/li><\/ul>\n\n\n\n<ul class=\"wp-block-list\"><li>Umgang mit Sicherheitsvorf\u00e4llen: Forensic Readiness Richtlinie. <\/li><\/ul>\n\n\n\n<ul class=\"wp-block-list\"><li> Mit uns schaffen Sie alle organisatorischen und technischen Voraussetzungen, um vollumf\u00e4nglich auf einen IT Notfall im Unternehmen vorbereitet zu sein. <\/li><\/ul>\n\n\n\n<ul class=\"wp-block-list\"><li>Business continuity: IT-Notfallplan Richtilinie <\/li><\/ul>\n\n\n\n<ul class=\"wp-block-list\"><li>Interne Audits<\/li><\/ul>\n\n\n\n<ul class=\"wp-block-list\"><li>Begleitung bei ISO 27001 Zertifizierungsaudits <\/li><\/ul>\n\n\n\n<ul class=\"wp-block-list\"><li>Statusgespr\u00e4che und Berichte <\/li><\/ul>\n\n\n\n<p><\/p>\n\n\n\n<p>Wir beraten und unterst\u00fctzen KRITIS-Betreiber hinsichtlich der Umsetzung der erforderlichen Ma\u00dfnahmen<\/p>\n\n\n\n<p><\/p>\n\n\n\n<p>Der Preis f\u00fcr die Dienstleistung h\u00e4ngt von verschiedenen technischen und organisatorischen Merkmalen wie vom Sicherheitsbedarf, der Gr\u00f6\u00dfe Ihres Unternehmens und Ihrer Branchen ab und setzt sich daher individuell zusammen.<\/p>\n\n\n\n<p>Gerne erstellen wir Ihnen ein individuelles Angebot!<\/p>\n","protected":false},"excerpt":{"rendered":"<p>Als externer Informationssicherheitsbeauftragter sind wir Ihr Partner rund um das Thema Informationssicherheit. Unsere Leistungen: Beratung rund um die Informationssicherheit. Schulung und Sensibilisierung der Mitarbeiter. Analyse der bereits vorhandenen IT Sicherheits-Ma\u00dfnahmen. &hellip; <\/p>\n<p class=\"link-more\"><a href=\"https:\/\/data-security-service.de\/?page_id=428\" class=\"more-link\"><span class=\"screen-reader-text\">\u201eIT-Sicherheit\u201c<\/span> weiterlesen<\/a><\/p>\n","protected":false},"author":1,"featured_media":0,"parent":0,"menu_order":0,"comment_status":"closed","ping_status":"closed","template":"","meta":{"footnotes":""},"class_list":["post-428","page","type-page","status-publish","hentry"],"_links":{"self":[{"href":"https:\/\/data-security-service.de\/index.php?rest_route=\/wp\/v2\/pages\/428","targetHints":{"allow":["GET"]}}],"collection":[{"href":"https:\/\/data-security-service.de\/index.php?rest_route=\/wp\/v2\/pages"}],"about":[{"href":"https:\/\/data-security-service.de\/index.php?rest_route=\/wp\/v2\/types\/page"}],"author":[{"embeddable":true,"href":"https:\/\/data-security-service.de\/index.php?rest_route=\/wp\/v2\/users\/1"}],"replies":[{"embeddable":true,"href":"https:\/\/data-security-service.de\/index.php?rest_route=%2Fwp%2Fv2%2Fcomments&post=428"}],"version-history":[{"count":4,"href":"https:\/\/data-security-service.de\/index.php?rest_route=\/wp\/v2\/pages\/428\/revisions"}],"predecessor-version":[{"id":436,"href":"https:\/\/data-security-service.de\/index.php?rest_route=\/wp\/v2\/pages\/428\/revisions\/436"}],"wp:attachment":[{"href":"https:\/\/data-security-service.de\/index.php?rest_route=%2Fwp%2Fv2%2Fmedia&parent=428"}],"curies":[{"name":"wp","href":"https:\/\/api.w.org\/{rel}","templated":true}]}}