{"id":427,"date":"2021-09-30T11:37:32","date_gmt":"2021-09-30T11:37:32","guid":{"rendered":"https:\/\/data-security-service.de\/?page_id=427"},"modified":"2021-09-30T11:51:41","modified_gmt":"2021-09-30T11:51:41","slug":"datenschutz","status":"publish","type":"page","link":"https:\/\/data-security-service.de\/?page_id=427","title":{"rendered":"Datenschutz"},"content":{"rendered":"\n<p><\/p>\n\n\n\n<p><strong>Unsere Leistungen:<\/strong><\/p>\n\n\n\n<ul class=\"wp-block-list\"><li>Benennung eines Datenschutzbeauftragten<\/li><\/ul>\n\n\n\n<ul class=\"wp-block-list\"><li>Unterst\u00fctzung bei der Erstellung eines Verzeichnisses von Verarbeitungst\u00e4tigkeiten<\/li><\/ul>\n\n\n\n<ul class=\"wp-block-list\"><li> Handlungsempfehlungen zur Umsetzung der DSGVO<\/li><\/ul>\n\n\n\n<ul class=\"wp-block-list\"><li> Individuelle Datenschutzerkl\u00e4rung auf Ihrer Webseite<\/li><\/ul>\n\n\n\n<ul class=\"wp-block-list\"><li>Mitarbeiter Schulungen<\/li><\/ul>\n\n\n\n<ul class=\"wp-block-list\"><li> Datenschutz-Dossiers mit techn. &amp; rechtl. Updates (newsletter z.B.)<\/li><\/ul>\n\n\n\n<ul class=\"wp-block-list\"><li>J\u00e4hrliche T\u00e4tigkeitsberichte an die Gesch\u00e4ftsf\u00fchrung<\/li><\/ul>\n\n\n\n<ul class=\"wp-block-list\"><li>Technisch-organisatorische Ma\u00dfnahmen (TOM)<\/li><\/ul>\n\n\n\n<ul class=\"wp-block-list\"><li>Standardprozesse bzw. Datenverarbeitungst\u00e4tigkeiten (Personal, CRM, Einkauf, Video\u00fcberwachung etc.)<\/li><\/ul>\n\n\n\n<p><\/p>\n\n\n\n<p>Der Preis f\u00fcr die Dienstleistung h\u00e4ngt von verschiedenen technischen und organisatorischen Merkmalen wie vom Datenschutzbedarf, der Gr\u00f6\u00dfe Ihres Unternehmens und Ihrer Branchen ab und setzt sich daher individuell zusammen.<\/p>\n\n\n\n<p>Gerne erstellen wir Ihnen ein individuelles Angebot!<\/p>\n","protected":false},"excerpt":{"rendered":"<p>Unsere Leistungen: Benennung eines Datenschutzbeauftragten Unterst\u00fctzung bei der Erstellung eines Verzeichnisses von Verarbeitungst\u00e4tigkeiten Handlungsempfehlungen zur Umsetzung der DSGVO Individuelle Datenschutzerkl\u00e4rung auf Ihrer Webseite Mitarbeiter Schulungen Datenschutz-Dossiers mit techn. &amp; rechtl. &hellip; <\/p>\n<p class=\"link-more\"><a href=\"https:\/\/data-security-service.de\/?page_id=427\" class=\"more-link\"><span class=\"screen-reader-text\">\u201eDatenschutz\u201c<\/span> weiterlesen<\/a><\/p>\n","protected":false},"author":1,"featured_media":0,"parent":0,"menu_order":0,"comment_status":"closed","ping_status":"closed","template":"","meta":{"footnotes":""},"class_list":["post-427","page","type-page","status-publish","hentry"],"_links":{"self":[{"href":"https:\/\/data-security-service.de\/index.php?rest_route=\/wp\/v2\/pages\/427","targetHints":{"allow":["GET"]}}],"collection":[{"href":"https:\/\/data-security-service.de\/index.php?rest_route=\/wp\/v2\/pages"}],"about":[{"href":"https:\/\/data-security-service.de\/index.php?rest_route=\/wp\/v2\/types\/page"}],"author":[{"embeddable":true,"href":"https:\/\/data-security-service.de\/index.php?rest_route=\/wp\/v2\/users\/1"}],"replies":[{"embeddable":true,"href":"https:\/\/data-security-service.de\/index.php?rest_route=%2Fwp%2Fv2%2Fcomments&post=427"}],"version-history":[{"count":4,"href":"https:\/\/data-security-service.de\/index.php?rest_route=\/wp\/v2\/pages\/427\/revisions"}],"predecessor-version":[{"id":438,"href":"https:\/\/data-security-service.de\/index.php?rest_route=\/wp\/v2\/pages\/427\/revisions\/438"}],"wp:attachment":[{"href":"https:\/\/data-security-service.de\/index.php?rest_route=%2Fwp%2Fv2%2Fmedia&parent=427"}],"curies":[{"name":"wp","href":"https:\/\/api.w.org\/{rel}","templated":true}]}}